{"id":62,"date":"2024-07-15T16:09:07","date_gmt":"2024-07-15T14:09:07","guid":{"rendered":"https:\/\/bonneville.expert\/?page_id=62"},"modified":"2024-07-18T12:05:07","modified_gmt":"2024-07-18T10:05:07","slug":"accueil","status":"publish","type":"page","link":"https:\/\/bonneville.expert\/","title":{"rendered":"Votre DSI externalis\u00e9"},"content":{"rendered":"\n<p class=\"has-medium-font-size\"><strong>Pourquoi faire appel \u00e0 un expert pour mener la transformation digitale de votre entreprise ?<\/strong><\/p>\n\n\n\n<p class=\"has-medium-font-size\">En tant que consultant certifi\u00e9 ISO 27005 avec plus de 25 ans d&rsquo;exp\u00e9rience dans le domaine de l&rsquo;informatique, j&rsquo;accompagne votre entreprise dans l&rsquo;atteinte de son plein potentiel gr\u00e2ce \u00e0 des solutions informatiques efficaces et innovantes. Mon expertise se fonde sur une carri\u00e8re riche et diversifi\u00e9e, durant laquelle j&rsquo;ai dirig\u00e9 plusieurs soci\u00e9t\u00e9s de services en informatique, collabor\u00e9 avec des ETI et des collectivit\u00e9s, et relev\u00e9 les d\u00e9fis technologiques les plus complexes.<\/p>\n\n\n\n<p class=\"has-medium-font-size\">Mon approche est centr\u00e9e sur le client, ce qui signifie que je travaille en \u00e9troite collaboration avec vous pour comprendre vos besoins sp\u00e9cifiques et fournir des solutions sur mesure. Chaque entreprise est unique, et c&rsquo;est pourquoi je m&rsquo;engage \u00e0 d\u00e9velopper des strat\u00e9gies personnalis\u00e9es qui r\u00e9pondent pr\u00e9cis\u00e9ment \u00e0 vos attentes et \u00e0 vos d\u00e9fis.<\/p>\n\n\n\n<p class=\"has-medium-font-size\">D\u00e9couvrez comment je peux vous conseiller pour \u00e9voluer et prosp\u00e9rer dans un paysage technologique en constante \u00e9volution. Explorez mon site pour en savoir plus sur mes services ou contactez-moi directement pour discuter de vos besoins sp\u00e9cifiques. Je suis convaincu que mon expertise et mon engagement peuvent faire une diff\u00e9rence significative pour votre entreprise.<\/p>\n\n\n\n<p class=\"has-medium-font-size\">Je suis impatient de travailler avec vous pour aider votre entreprise \u00e0 r\u00e9ussir, \u00e0 surmonter les d\u00e9fis technologiques et \u00e0 exploiter pleinement les opportunit\u00e9s offertes par l&rsquo;innovation num\u00e9rique. Ensemble, nous pouvons transformer vos ambitions en r\u00e9alisations concr\u00e8tes et durables.<\/p>\n\n\n<div class=\"wp-block-image\">\n<figure class=\"aligncenter size-full is-resized\"><img loading=\"lazy\" decoding=\"async\" width=\"578\" height=\"810\" src=\"https:\/\/bonneville.expert\/wp-content\/uploads\/2024\/07\/Image-certificat-veritas.jpg\" alt=\"\" class=\"wp-image-195\" style=\"width:377px;height:auto\" srcset=\"https:\/\/bonneville.expert\/wp-content\/uploads\/2024\/07\/Image-certificat-veritas.jpg 578w, https:\/\/bonneville.expert\/wp-content\/uploads\/2024\/07\/Image-certificat-veritas-214x300.jpg 214w\" sizes=\"auto, (max-width: 578px) 100vw, 578px\" \/><\/figure>\n<\/div>","protected":false},"excerpt":{"rendered":"<p>Pourquoi faire appel \u00e0 un expert pour mener la transformation digitale de votre entreprise ? En tant que consultant certifi\u00e9 ISO 27005 avec plus de 25 ans d&rsquo;exp\u00e9rience dans le domaine de l&rsquo;informatique, j&rsquo;accompagne votre entreprise dans l&rsquo;atteinte de son plein potentiel gr\u00e2ce \u00e0 des solutions informatiques efficaces et innovantes. Mon expertise se fonde sur [&hellip;]<\/p>\n","protected":false},"author":1,"featured_media":0,"parent":0,"menu_order":0,"comment_status":"closed","ping_status":"closed","template":"","meta":{"footnotes":""},"class_list":["post-62","page","type-page","status-publish","hentry"],"_links":{"self":[{"href":"https:\/\/bonneville.expert\/index.php\/wp-json\/wp\/v2\/pages\/62","targetHints":{"allow":["GET"]}}],"collection":[{"href":"https:\/\/bonneville.expert\/index.php\/wp-json\/wp\/v2\/pages"}],"about":[{"href":"https:\/\/bonneville.expert\/index.php\/wp-json\/wp\/v2\/types\/page"}],"author":[{"embeddable":true,"href":"https:\/\/bonneville.expert\/index.php\/wp-json\/wp\/v2\/users\/1"}],"replies":[{"embeddable":true,"href":"https:\/\/bonneville.expert\/index.php\/wp-json\/wp\/v2\/comments?post=62"}],"version-history":[{"count":12,"href":"https:\/\/bonneville.expert\/index.php\/wp-json\/wp\/v2\/pages\/62\/revisions"}],"predecessor-version":[{"id":196,"href":"https:\/\/bonneville.expert\/index.php\/wp-json\/wp\/v2\/pages\/62\/revisions\/196"}],"wp:attachment":[{"href":"https:\/\/bonneville.expert\/index.php\/wp-json\/wp\/v2\/media?parent=62"}],"curies":[{"name":"wp","href":"https:\/\/api.w.org\/{rel}","templated":true}]}}