{"id":54,"date":"2024-07-15T15:58:34","date_gmt":"2024-07-15T13:58:34","guid":{"rendered":"https:\/\/bonneville.expert\/?page_id=54"},"modified":"2024-07-15T19:22:39","modified_gmt":"2024-07-15T17:22:39","slug":"conformite-rgpd","status":"publish","type":"page","link":"https:\/\/bonneville.expert\/index.php\/conformite-rgpd\/","title":{"rendered":"Conformit\u00e9 RGPD"},"content":{"rendered":"\n<p class=\"has-medium-font-size\">Assurez-vous que vos pratiques de gestion des donn\u00e9es personnelles respectent les exigences du R\u00e8glement G\u00e9n\u00e9ral sur la Protection des Donn\u00e9es. J&rsquo;offre des audits de conformit\u00e9, des conseils en politique de confidentialit\u00e9 et des formations pour vos \u00e9quipes.<\/p>\n","protected":false},"excerpt":{"rendered":"<p>Assurez-vous que vos pratiques de gestion des donn\u00e9es personnelles respectent les exigences du R\u00e8glement G\u00e9n\u00e9ral sur la Protection des Donn\u00e9es. J&rsquo;offre des audits de conformit\u00e9, des conseils en politique de confidentialit\u00e9 et des formations pour vos \u00e9quipes.<\/p>\n","protected":false},"author":1,"featured_media":0,"parent":0,"menu_order":0,"comment_status":"closed","ping_status":"closed","template":"","meta":{"footnotes":""},"class_list":["post-54","page","type-page","status-publish","hentry"],"_links":{"self":[{"href":"https:\/\/bonneville.expert\/index.php\/wp-json\/wp\/v2\/pages\/54","targetHints":{"allow":["GET"]}}],"collection":[{"href":"https:\/\/bonneville.expert\/index.php\/wp-json\/wp\/v2\/pages"}],"about":[{"href":"https:\/\/bonneville.expert\/index.php\/wp-json\/wp\/v2\/types\/page"}],"author":[{"embeddable":true,"href":"https:\/\/bonneville.expert\/index.php\/wp-json\/wp\/v2\/users\/1"}],"replies":[{"embeddable":true,"href":"https:\/\/bonneville.expert\/index.php\/wp-json\/wp\/v2\/comments?post=54"}],"version-history":[{"count":2,"href":"https:\/\/bonneville.expert\/index.php\/wp-json\/wp\/v2\/pages\/54\/revisions"}],"predecessor-version":[{"id":120,"href":"https:\/\/bonneville.expert\/index.php\/wp-json\/wp\/v2\/pages\/54\/revisions\/120"}],"wp:attachment":[{"href":"https:\/\/bonneville.expert\/index.php\/wp-json\/wp\/v2\/media?parent=54"}],"curies":[{"name":"wp","href":"https:\/\/api.w.org\/{rel}","templated":true}]}}