{"id":51,"date":"2024-07-15T15:57:58","date_gmt":"2024-07-15T13:57:58","guid":{"rendered":"https:\/\/bonneville.expert\/?page_id=51"},"modified":"2024-07-15T19:23:34","modified_gmt":"2024-07-15T17:23:34","slug":"management-du-risque","status":"publish","type":"page","link":"https:\/\/bonneville.expert\/index.php\/management-du-risque\/","title":{"rendered":"Management du risque ISO 27001"},"content":{"rendered":"\n<p class=\"has-medium-font-size\">Avec ma certification ISO 27005, je suis qualifi\u00e9 pour \u00e9valuer et g\u00e9rer les risques li\u00e9s \u00e0 la s\u00e9curit\u00e9 de l&rsquo;information. J&rsquo;identifie les vuln\u00e9rabilit\u00e9s, propose des mesures de mitigation et assure la conformit\u00e9 aux normes de s\u00e9curit\u00e9 les plus strictes. Je vous accompagne dans votre d\u00e9marche de certification ISO 27001.<\/p>\n\n\n<div class=\"wp-block-image\">\n<figure class=\"aligncenter size-full\"><img loading=\"lazy\" decoding=\"async\" width=\"709\" height=\"351\" src=\"https:\/\/bonneville.expert\/wp-content\/uploads\/2024\/07\/avantages-ISO-27001.jpg\" alt=\"\" class=\"wp-image-100\" srcset=\"https:\/\/bonneville.expert\/wp-content\/uploads\/2024\/07\/avantages-ISO-27001.jpg 709w, https:\/\/bonneville.expert\/wp-content\/uploads\/2024\/07\/avantages-ISO-27001-300x149.jpg 300w\" sizes=\"auto, (max-width: 709px) 100vw, 709px\" \/><\/figure>\n<\/div>","protected":false},"excerpt":{"rendered":"<p>Avec ma certification ISO 27005, je suis qualifi\u00e9 pour \u00e9valuer et g\u00e9rer les risques li\u00e9s \u00e0 la s\u00e9curit\u00e9 de l&rsquo;information. J&rsquo;identifie les vuln\u00e9rabilit\u00e9s, propose des mesures de mitigation et assure la conformit\u00e9 aux normes de s\u00e9curit\u00e9 les plus strictes. Je vous accompagne dans votre d\u00e9marche de certification ISO 27001.<\/p>\n","protected":false},"author":1,"featured_media":0,"parent":0,"menu_order":0,"comment_status":"closed","ping_status":"closed","template":"","meta":{"footnotes":""},"class_list":["post-51","page","type-page","status-publish","hentry"],"_links":{"self":[{"href":"https:\/\/bonneville.expert\/index.php\/wp-json\/wp\/v2\/pages\/51","targetHints":{"allow":["GET"]}}],"collection":[{"href":"https:\/\/bonneville.expert\/index.php\/wp-json\/wp\/v2\/pages"}],"about":[{"href":"https:\/\/bonneville.expert\/index.php\/wp-json\/wp\/v2\/types\/page"}],"author":[{"embeddable":true,"href":"https:\/\/bonneville.expert\/index.php\/wp-json\/wp\/v2\/users\/1"}],"replies":[{"embeddable":true,"href":"https:\/\/bonneville.expert\/index.php\/wp-json\/wp\/v2\/comments?post=51"}],"version-history":[{"count":4,"href":"https:\/\/bonneville.expert\/index.php\/wp-json\/wp\/v2\/pages\/51\/revisions"}],"predecessor-version":[{"id":124,"href":"https:\/\/bonneville.expert\/index.php\/wp-json\/wp\/v2\/pages\/51\/revisions\/124"}],"wp:attachment":[{"href":"https:\/\/bonneville.expert\/index.php\/wp-json\/wp\/v2\/media?parent=51"}],"curies":[{"name":"wp","href":"https:\/\/api.w.org\/{rel}","templated":true}]}}