{"id":33,"date":"2024-07-15T15:42:19","date_gmt":"2024-07-15T13:42:19","guid":{"rendered":"https:\/\/bonneville.expert\/?page_id=33"},"modified":"2024-07-15T19:26:19","modified_gmt":"2024-07-15T17:26:19","slug":"gestion-de-projets-it","status":"publish","type":"page","link":"https:\/\/bonneville.expert\/index.php\/gestion-de-projets-it\/","title":{"rendered":"Gestion de Projets IT"},"content":{"rendered":"\n<p class=\"has-medium-font-size\">De la planification \u00e0 l&rsquo;ex\u00e9cution, je pilote vos projets informatiques en respectant les d\u00e9lais, les budgets et les sp\u00e9cifications techniques. Ma m\u00e9thodologie \u00e9prouv\u00e9e assure une transition fluide et un d\u00e9ploiement r\u00e9ussi.<\/p>\n\n\n\n<p class=\"has-medium-font-size\"><strong>Gestion de projets :<\/strong> Conduite de projets informatiques de bout en bout, de la planification \u00e0 la mise en \u0153uvre et au suivi.<\/p>\n\n\n\n<p class=\"has-medium-font-size\"><strong>D\u00e9veloppement et d\u00e9ploiement de solutions IT :<\/strong> D\u00e9ploiement de solutions technologiques adapt\u00e9es aux besoins sp\u00e9cifiques des clients.<\/p>\n\n\n\n<p class=\"has-medium-font-size\"><strong>Coordination avec les \u00e9quipes internes et externes :<\/strong> Collaboration avec les diff\u00e9rentes parties prenantes pour assurer le succ\u00e8s des projets.<\/p>\n","protected":false},"excerpt":{"rendered":"<p>De la planification \u00e0 l&rsquo;ex\u00e9cution, je pilote vos projets informatiques en respectant les d\u00e9lais, les budgets et les sp\u00e9cifications techniques. Ma m\u00e9thodologie \u00e9prouv\u00e9e assure une transition fluide et un d\u00e9ploiement r\u00e9ussi. Gestion de projets : Conduite de projets informatiques de bout en bout, de la planification \u00e0 la mise en \u0153uvre et au suivi. D\u00e9veloppement [&hellip;]<\/p>\n","protected":false},"author":1,"featured_media":0,"parent":0,"menu_order":0,"comment_status":"closed","ping_status":"closed","template":"","meta":{"footnotes":""},"class_list":["post-33","page","type-page","status-publish","hentry"],"_links":{"self":[{"href":"https:\/\/bonneville.expert\/index.php\/wp-json\/wp\/v2\/pages\/33","targetHints":{"allow":["GET"]}}],"collection":[{"href":"https:\/\/bonneville.expert\/index.php\/wp-json\/wp\/v2\/pages"}],"about":[{"href":"https:\/\/bonneville.expert\/index.php\/wp-json\/wp\/v2\/types\/page"}],"author":[{"embeddable":true,"href":"https:\/\/bonneville.expert\/index.php\/wp-json\/wp\/v2\/users\/1"}],"replies":[{"embeddable":true,"href":"https:\/\/bonneville.expert\/index.php\/wp-json\/wp\/v2\/comments?post=33"}],"version-history":[{"count":4,"href":"https:\/\/bonneville.expert\/index.php\/wp-json\/wp\/v2\/pages\/33\/revisions"}],"predecessor-version":[{"id":129,"href":"https:\/\/bonneville.expert\/index.php\/wp-json\/wp\/v2\/pages\/33\/revisions\/129"}],"wp:attachment":[{"href":"https:\/\/bonneville.expert\/index.php\/wp-json\/wp\/v2\/media?parent=33"}],"curies":[{"name":"wp","href":"https:\/\/api.w.org\/{rel}","templated":true}]}}